{"id":149672,"date":"2024-11-05T11:54:42","date_gmt":"2024-11-05T09:54:42","guid":{"rendered":"https:\/\/bestwelhip.nl\/product\/hkliving-mirror-coffee-table-glazen-salontafel-smoked-brown\/"},"modified":"2024-11-14T11:45:17","modified_gmt":"2024-11-14T09:45:17","slug":"hkliving-mirror-coffee-table-smoked-brown-large","status":"publish","type":"product","link":"https:\/\/bestwelhip.nl\/en\/product\/hkliving-mirror-coffee-table-smoked-brown-large\/","title":{"rendered":"HKliving mirror coffee table &#8216;Smoked brown&#8217; Large"},"content":{"rendered":"<p>Mix your original vintage treasures with this awesome new design smoked mirror block table from HK living.<\/p>\n<p>Autumn vibes&#8230; bring autumn into your home with this beautiful smoked brown coffee table from HKliving! Beautiful to combine with a vintage sofa or armchair. This item is an absolute eye-catcher, suitable for any interior. Mix &amp; Match! Also beautiful to combine with the smaller item in the same color. Give your living room that extra touch!<\/p>\n<p>&nbsp;<\/p>\n<div id=\"tw-container\" class=\"\" data-cp=\"1\" data-ddp=\"true\" data-drd=\"1700\" data-drt=\"10000\" data-is-rde=\"false\" data-is-ver=\"false\" data-nnttsvi=\"1\" data-ntl-fpwrite=\"true\" data-sletp=\"false\" data-sm=\"1\" data-ssbp=\"false\" data-sugg-time=\"500\" data-sugg-url=\"https:\/\/clients1.google.com\/complete\/search\" data-tcp=\"geluk met jou verjaarsdag,gelukkige verjaarsdag,awoda pa,???? ???,??? ????? ????,???????? ??? ??????,aski mara phuqhawi,do?um g\u00fcn\u00fcn m\u00fcbar?k,ad g\u00fcn\u00fcn m\u00fcbar?k,? ???? ??????????,?????? ?????? ???,???? ??? ?? ??? ?????,sanb? sanb?,??? ???????,sretan ro?endan,per molts anys,feli\u00e7 aniversari,malipayong adlawng natawhan,???? ?????? ????? ????? ???,felice anniversariu,v\u0161echno nejlep\u0161\u00ed k narozenin\u00e1m,pen-blwydd hapus,penblwydd hapus,tillykke med f\u00f8dselsdagen,alles gute zum geburtstag,???????? ?????,???????? ??????????????,dzigbe z\u00e3 nyuie na w\u00f2,????????? ????????,happy birthday,feli?an naski?tagon,feliz cumplea\u00f1os,palju \u00f5nne s\u00fcnnip\u00e4evaks,zorionak,????? ?????,hyv\u00e4\u00e4 syntym\u00e4p\u00e4iv\u00e4\u00e4,joyeux anniversaire,lokkige jierdei,l\u00e1 breithe sona,l\u00e1 breithe shona duit,co-l\u00e0-breith math,feliz aniversario,vy'apav?,?????????? ????,?????????? ????????,???????? ?? ????????,barka da ranar haihuwa,hau?oli l? h?nau,??????? ?? ??????????,??????? ?? ??????????,sretan ro?endan,b\u00f2n f\u00e8t,boldog sz\u00fclet\u00e9snapot,??????? ?????????,selamat ulang tahun,ezi ncheta ?b?ch? ?m?m?,ezi ncheta ?m?m?,naragsak a panagkasangay,til hamingju me\u00f0 afm\u00e6li\u00f0,buon compleanno,??? ????? ???,????????,?????????,sugeng ambal warsa,sugeng tanggap warsa,???????? ????????? ????,??????? ????????? ????,????? ??? ????? ??????,??????? ????????,??????????????????,?????????????????,??????????? ?????????,???????? ?????????,?? ?????,?? ????,api batde,rojb\u00fbna te p\u00eeroz be,??????? ??????? ?????,??????? ??????? ????? ??????????,felix natalis,alles guddes fir de gebuertsdag,amazaalibwa amalungi,mbotama elamu,?????????????,????????????????,su gimtadieniu,piancham chibai,daudz laimes dzim\u0161anas dien?,???????? ????????,tratry ny tsingerin-taona,tratry ny tsingerintaona nahaterahana,?????? ????????,?????????????,?????? ?????? ???? ??????,?????? ?????? ????,???????? ???? ?????,???????????? ????????,???????????? ??????? ????????,selamat hari lahir,xewqat sbie? f'g?eluq sninek,?????????????? ???????????????,????????????????????????????,???? ????? ????????,gefeliciteerd met je verjaardag,gefeliciteerd,gratulerer med dagen,matswalo a mabotse,tsiku labwino lobadwa,baga guyyaa dhaloota kee geesse,???????? ????????,???????? ????????,?????? ???? ??????,?????? ??????,wszystkiego najlepszego z okazji urodzin,????? ?? ???????,feliz anivers\u00e1rio,punchawniykipi kusikuni,la mul?i ani,? ???? ????????,isabukuru nziza,???? ??????????,??? ????? ?????,??? ???? ??????,v\u0161etko najlep\u0161ie k narodenin\u00e1m,\u0161?astn\u00e9 narodeniny,vse najbolj\u0161e,manuia asofanau,bhavhadhe rinofadza,maalin dhalasheed farxad leh,dhalasho wacan,g\u00ebzuar dit\u00eblindjen,?????? ????????,letsatsi le monate la tsoalo,wilujeung milangkala,wilujeung tepang taun,grattis p\u00e5 f\u00f6delsedagen,heri ya siku ya kuzaliwa,?????????? ???????????,?????????? ?????????????,??????????? ????????????,?????? ???????,???????????????,???? ?????,doglan g\u00fcn\u00fc? bilen,maligayang kaarawan,do?um g\u00fcn\u00fcn\u00fcz kutlu olsun,do?um g\u00fcn\u00fcn kutlu olsun,siku lerinene ro velekiwa,????? ??? ?????,? ???? ??????????,?????? ?????,?????? ????? ??,tug?ilgan kuningiz bilan,tug'ilgan kun muborak bo'lsin,ch\u00fac m?ng sinh nh?t,mini emnandi,nwabela usuku lwakho owaqala ngalo,o ku? a?ya?j?? ?j?? i?bi?,o ku ojo ibi,????,????,sikufisela usuku lokuzalwa oluhle,usuku olumnandi lokuzalwa\" data-uilc=\"nl\" data-vil=\",af,af-ZA,am,am-ET,ar-EG,ar-AE,ar-KW,ar-QA,ar,ar-IL,ar-JO,ar-LB,ar-PS,az,az-AZ,bg,bg-BG,bn,bn-BD,bn-IN,ca,ca-es,cs,cs-CZ,de,de-DE,de-CH,de-AT,de-LI,en,en-US,en-CA,en-AU,en-NZ,en-GB,en-IN,en-KE,en-TZ,en-NG,en-GH,en-PH,en-ZA,es,es-ES,es-AR,es-UY,es-419,es-BO,es-CL,es-CR,es-CO,es-DO,es-EC,es-GT,es-HN,es-NI,es-PA,es-PE,es-PR,es-PY,es-SV,es-VE,es-MX,es-US,eu,eu-ES,fi,fi-FI,fr,fr-FR,fr-CH,fr-BE,gl,gl-ES,gu,gu-IN,he,he-IL,iw,iw-IL,hu,hu-HU,hy,hy-AM,id,id-ID,is,is-IS,it,it-IT,it-CH,ja,ja-JP,jv,jv-ID,ka,ka-GE,km,km-KH,kn,kn-IN,ko,ko-KR,la,lo,lo-LA,lv,lv-LV,ml,ml-IN,mr,mr-IN,ms,ms-MY,nl,nl-NL,nb,nb-NO,ne,ne-NP,pl,pl-PL,pt,pt-BR,pt-PT,ro,ro-RO,ru,ru-RU,si-LK,sk,sk-SK,sr,sr-RS,su,su-ID,sv,sv-SE,sw,sw-TZ,sw-KE,ta,ta-IN,ta-SG,ta-LK,ta-MY,te,te-IN,tr,tr-TR,ur,ur-PK,ur-IN,yue,yue-HK,yue-Hant-HK,zh-HK,zh,zh-CN,zh-cmn,zh-cmn-CN,zh-Hans,zh-Hans-CN,zh-cmn-Hans,zh-cmn-Hans-CN,cmn-CN,cmn-Hans,cmn-Hans-CN,zh-TW,zh-Hant-TW,cmn-TW,cmn-Hant-TW,zh-cmn-TW,zh-cmn-Hant-TW,zu,zu-ZA,hi,hi-IN,tl,tl-PH,pa,pa-IN\">\n<div id=\"tw-ob\" class=\"tw-src-ltr\">\n<div class=\"oSioSc\">\n<div id=\"tw-target\">\n<div id=\"kAz1tf\" class=\"g9WsWb PZPZlf\" data-attrid=\"tw-targetArea\" data-entityname=\"Google Translate\">\n<div id=\"tw-target-rmn-container\" class=\"tw-target-rmn tw-ta-container F0azHf tw-nfl\">\n<pre id=\"tw-target-rmn\" class=\"tw-data-placeholder tw-text-small tw-ta\" dir=\"ltr\" data-placeholder=\"\"><\/pre>\n<\/div>\n<div class=\"iYB33c\">\n<div id=\"tw-tmenu\" class=\"tw-menu\"><\/div>\n<\/div>\n<\/div>\n<\/div>\n<\/div>\n<\/div>\n<div id=\"tw-images\"><\/div>\n<div class=\"dURPtb\"><\/div>\n<div>\n<div><\/div>\n<\/div>\n<\/div>\n<div class=\"KFFQ0c xKf9F\"><\/div>\n","protected":false},"excerpt":{"rendered":"<p>Mix your original vintage treasures with this awesome new design [&hellip;]<\/p>\n","protected":false},"featured_media":149397,"template":"","meta":{"_acf_changed":false,"inline_featured_image":false,"_monsterinsights_skip_tracking":false,"_monsterinsights_sitenote_active":false,"_monsterinsights_sitenote_note":"","_monsterinsights_sitenote_category":0},"product_brand":[],"product_cat":[4888],"product_tag":[],"class_list":{"0":"post-149672","1":"product","2":"type-product","3":"status-publish","4":"has-post-thumbnail","6":"product_cat-new-design-en","8":"first","9":"instock","10":"shipping-taxable","11":"purchasable","12":"product-type-simple"},"acf":[],"_links":{"self":[{"href":"https:\/\/bestwelhip.nl\/en\/wp-json\/wp\/v2\/product\/149672","targetHints":{"allow":["GET"]}}],"collection":[{"href":"https:\/\/bestwelhip.nl\/en\/wp-json\/wp\/v2\/product"}],"about":[{"href":"https:\/\/bestwelhip.nl\/en\/wp-json\/wp\/v2\/types\/product"}],"wp:featuredmedia":[{"embeddable":true,"href":"https:\/\/bestwelhip.nl\/en\/wp-json\/wp\/v2\/media\/149397"}],"wp:attachment":[{"href":"https:\/\/bestwelhip.nl\/en\/wp-json\/wp\/v2\/media?parent=149672"}],"wp:term":[{"taxonomy":"product_brand","embeddable":true,"href":"https:\/\/bestwelhip.nl\/en\/wp-json\/wp\/v2\/product_brand?post=149672"},{"taxonomy":"product_cat","embeddable":true,"href":"https:\/\/bestwelhip.nl\/en\/wp-json\/wp\/v2\/product_cat?post=149672"},{"taxonomy":"product_tag","embeddable":true,"href":"https:\/\/bestwelhip.nl\/en\/wp-json\/wp\/v2\/product_tag?post=149672"}],"curies":[{"name":"wp","href":"https:\/\/api.w.org\/{rel}","templated":true}]}}