{"id":146238,"date":"2024-04-20T16:07:50","date_gmt":"2024-04-20T14:07:50","guid":{"rendered":"https:\/\/bestwelhip.nl\/product\/vintage-model-no-75-dining-chairs-eetkamerstoelen-niels-o-moller\/"},"modified":"2024-04-22T09:53:35","modified_gmt":"2024-04-22T07:53:35","slug":"vintage-model-no-75-dining-chairs-eetkamerstoelen-niels-o-moller","status":"publish","type":"product","link":"https:\/\/bestwelhip.nl\/en\/product\/vintage-model-no-75-dining-chairs-eetkamerstoelen-niels-o-moller\/","title":{"rendered":"Vintage Model No.75 dining chairs Niels O. M\u00f8ller"},"content":{"rendered":"<p>Beautiful original Danish vintage design dining room chairs by Niels O. M\u00f8ller for J.L. M\u00f8ller M\u00f8belfabrik. Period: 1970s. Model number 75. Particularly organically shaped backrest. The beautiful finish and curve of the solid backrest offers good seating comfort. Material: teak frame &amp; wicker\/papercord seat. Considering its age, it is still in very good vintage condition. Beautiful for the dining room table in the living room. Or should you furnish that awesome bar\/restaurant with style? Then these special Danish dining room chairs will enrich your interior. Chairs&#8230;chairs&#8230;chairs!<\/p>\n","protected":false},"excerpt":{"rendered":"<p>Beautiful original Danish vintage design dining room chairs by Niels [&hellip;]<\/p>\n","protected":false},"featured_media":146202,"template":"","meta":{"_acf_changed":false,"inline_featured_image":false,"_monsterinsights_skip_tracking":false,"_monsterinsights_sitenote_active":false,"_monsterinsights_sitenote_note":"","_monsterinsights_sitenote_category":0},"product_brand":[],"product_cat":[4871],"product_tag":[],"class_list":{"0":"post-146238","1":"product","2":"type-product","3":"status-publish","4":"has-post-thumbnail","6":"product_cat-sold","8":"first","9":"outofstock","10":"shipping-taxable","11":"product-type-simple"},"acf":[],"_links":{"self":[{"href":"https:\/\/bestwelhip.nl\/en\/wp-json\/wp\/v2\/product\/146238","targetHints":{"allow":["GET"]}}],"collection":[{"href":"https:\/\/bestwelhip.nl\/en\/wp-json\/wp\/v2\/product"}],"about":[{"href":"https:\/\/bestwelhip.nl\/en\/wp-json\/wp\/v2\/types\/product"}],"wp:featuredmedia":[{"embeddable":true,"href":"https:\/\/bestwelhip.nl\/en\/wp-json\/wp\/v2\/media\/146202"}],"wp:attachment":[{"href":"https:\/\/bestwelhip.nl\/en\/wp-json\/wp\/v2\/media?parent=146238"}],"wp:term":[{"taxonomy":"product_brand","embeddable":true,"href":"https:\/\/bestwelhip.nl\/en\/wp-json\/wp\/v2\/product_brand?post=146238"},{"taxonomy":"product_cat","embeddable":true,"href":"https:\/\/bestwelhip.nl\/en\/wp-json\/wp\/v2\/product_cat?post=146238"},{"taxonomy":"product_tag","embeddable":true,"href":"https:\/\/bestwelhip.nl\/en\/wp-json\/wp\/v2\/product_tag?post=146238"}],"curies":[{"name":"wp","href":"https:\/\/api.w.org\/{rel}","templated":true}]}}