{"id":143779,"date":"2023-12-07T08:33:08","date_gmt":"2023-12-07T06:33:08","guid":{"rendered":"https:\/\/bestwelhip.nl\/product\/vintage-teak-nesting-tables-mimiset-bijzettafels-mobelintarsia-1960\/"},"modified":"2023-12-07T10:59:02","modified_gmt":"2023-12-07T08:59:02","slug":"vintage-teak-nesting-tables-mimiset-bijzettafels-mobelintarsia-1960","status":"publish","type":"product","link":"https:\/\/bestwelhip.nl\/en\/product\/vintage-teak-nesting-tables-mimiset-bijzettafels-mobelintarsia-1960\/","title":{"rendered":"Vintage teak nesting tables mimiset M\u00f8belintarsia 1960"},"content":{"rendered":"<p>Three of a kind! A unique set of side tables\/mimiset in beautiful teak wood. A Danish design by J\u00f8rgen aakj\u00e6r j\u00f8rgensen for M\u00f8belintarsia. Period: 1960. Country of origin Denmark. Marked on the bottom. Special because of the drumstick-shaped legs and the sleek minimalist design. Considering its age, it is still in good vintage condition. A nice set for both a vintage and modern interior. The warm teak wood immediately adds atmosphere &amp; character to the interior. Because the 3 tables fit together, it is ideal in any room. Take the tables apart and place them near the sofa as a side table or use it as a coffee table. With this set you have endless possibilities!<\/p>\n<p>&nbsp;<\/p>\n","protected":false},"excerpt":{"rendered":"<p>Three of a kind! A unique set of side tables\/mimiset [&hellip;]<\/p>\n","protected":false},"featured_media":143698,"template":"","meta":{"_acf_changed":false,"inline_featured_image":false,"_monsterinsights_skip_tracking":false,"_monsterinsights_sitenote_active":false,"_monsterinsights_sitenote_note":"","_monsterinsights_sitenote_category":0},"product_brand":[],"product_cat":[4857,4859],"product_tag":[],"class_list":{"0":"post-143779","1":"product","2":"type-product","3":"status-publish","4":"has-post-thumbnail","6":"product_cat-furniture","7":"product_cat-sidetables","9":"first","10":"instock","11":"shipping-taxable","12":"purchasable","13":"product-type-simple"},"acf":[],"_links":{"self":[{"href":"https:\/\/bestwelhip.nl\/en\/wp-json\/wp\/v2\/product\/143779","targetHints":{"allow":["GET"]}}],"collection":[{"href":"https:\/\/bestwelhip.nl\/en\/wp-json\/wp\/v2\/product"}],"about":[{"href":"https:\/\/bestwelhip.nl\/en\/wp-json\/wp\/v2\/types\/product"}],"wp:featuredmedia":[{"embeddable":true,"href":"https:\/\/bestwelhip.nl\/en\/wp-json\/wp\/v2\/media\/143698"}],"wp:attachment":[{"href":"https:\/\/bestwelhip.nl\/en\/wp-json\/wp\/v2\/media?parent=143779"}],"wp:term":[{"taxonomy":"product_brand","embeddable":true,"href":"https:\/\/bestwelhip.nl\/en\/wp-json\/wp\/v2\/product_brand?post=143779"},{"taxonomy":"product_cat","embeddable":true,"href":"https:\/\/bestwelhip.nl\/en\/wp-json\/wp\/v2\/product_cat?post=143779"},{"taxonomy":"product_tag","embeddable":true,"href":"https:\/\/bestwelhip.nl\/en\/wp-json\/wp\/v2\/product_tag?post=143779"}],"curies":[{"name":"wp","href":"https:\/\/api.w.org\/{rel}","templated":true}]}}