{"id":143130,"date":"2023-10-05T22:46:11","date_gmt":"2023-10-05T20:46:11","guid":{"rendered":"https:\/\/bestwelhip.nl\/product\/danish-vintage-teak-dining-table-deense-eetkamertafel-niels-otto-moller\/"},"modified":"2023-10-23T16:25:14","modified_gmt":"2023-10-23T14:25:14","slug":"danish-vintage-teak-dining-table-deense-eetkamertafel-niels-otto-moller","status":"publish","type":"product","link":"https:\/\/bestwelhip.nl\/en\/product\/danish-vintage-teak-dining-table-deense-eetkamertafel-niels-otto-moller\/","title":{"rendered":"Danish vintage teak dining table Niels Otto M\u00f8ller, JL M\u00f8llers M\u00f8belfabrik"},"content":{"rendered":"<p>Beautiful original Danish vintage folding dining room table. The Danish vintage design dining room chairs from Niels O. M\u00f8ller are also still available. Period: 1950s-1960s. Model number table 254. Very organic design. The table is solid and beautiful in its simplicity. Material chairs: teak frame &amp; original papercord seat. A very beautiful dining room set that fits in both a modern and vintage interior. High-quality beautiful Danish design. Considering its age, it is still in good vintage condition. A real must-have for enthusiasts! Scandinavian minimalism, we love it!<\/p>\n<p>The price for the table is \u20ac1595.<\/p>\n<p>The chairs can also be ordered.<\/p>\n","protected":false},"excerpt":{"rendered":"<p>Beautiful original Danish vintage folding dining room table. The Danish [&hellip;]<\/p>\n","protected":false},"featured_media":142946,"template":"","meta":{"_acf_changed":false,"inline_featured_image":false,"_monsterinsights_skip_tracking":false,"_monsterinsights_sitenote_active":false,"_monsterinsights_sitenote_note":"","_monsterinsights_sitenote_category":0},"product_brand":[],"product_cat":[4871],"product_tag":[],"class_list":{"0":"post-143130","1":"product","2":"type-product","3":"status-publish","4":"has-post-thumbnail","6":"product_cat-sold","8":"first","9":"outofstock","10":"shipping-taxable","11":"product-type-simple"},"acf":[],"_links":{"self":[{"href":"https:\/\/bestwelhip.nl\/en\/wp-json\/wp\/v2\/product\/143130","targetHints":{"allow":["GET"]}}],"collection":[{"href":"https:\/\/bestwelhip.nl\/en\/wp-json\/wp\/v2\/product"}],"about":[{"href":"https:\/\/bestwelhip.nl\/en\/wp-json\/wp\/v2\/types\/product"}],"wp:featuredmedia":[{"embeddable":true,"href":"https:\/\/bestwelhip.nl\/en\/wp-json\/wp\/v2\/media\/142946"}],"wp:attachment":[{"href":"https:\/\/bestwelhip.nl\/en\/wp-json\/wp\/v2\/media?parent=143130"}],"wp:term":[{"taxonomy":"product_brand","embeddable":true,"href":"https:\/\/bestwelhip.nl\/en\/wp-json\/wp\/v2\/product_brand?post=143130"},{"taxonomy":"product_cat","embeddable":true,"href":"https:\/\/bestwelhip.nl\/en\/wp-json\/wp\/v2\/product_cat?post=143130"},{"taxonomy":"product_tag","embeddable":true,"href":"https:\/\/bestwelhip.nl\/en\/wp-json\/wp\/v2\/product_tag?post=143130"}],"curies":[{"name":"wp","href":"https:\/\/api.w.org\/{rel}","templated":true}]}}