{"id":142835,"date":"2023-09-22T09:47:55","date_gmt":"2023-09-22T07:47:55","guid":{"rendered":"https:\/\/bestwelhip.nl\/product\/vintage-model-no-75-dining-chairs-eetkamer-stoelen-niels-o-moller-voor-j-l-moller\/"},"modified":"2023-09-25T09:28:10","modified_gmt":"2023-09-25T07:28:10","slug":"vintage-model-no-75-dining-chairs-eetkamer-stoelen-niels-o-moller-voor-j-l-moller","status":"publish","type":"product","link":"https:\/\/bestwelhip.nl\/en\/product\/vintage-model-no-75-dining-chairs-eetkamer-stoelen-niels-o-moller-voor-j-l-moller\/","title":{"rendered":"Vintage model No.75 dining chairs Niels O. M\u00f8ller J.L. M\u00f8ller"},"content":{"rendered":"<p>Six beautiful original Danish vintage design teak dining room chairs by Niels O. M\u00f8ller for J.L. M\u00f8ller M\u00f8belfabrik. Period: 1960s. Model number 75. Particularly organically shaped backrest. The beautiful finish and curve of the solid backrest offers good seating comfort. Material: teak frame &amp; original wicker\/papercord seat. These are 4 early edition Moller chairs (see stamp marked at the bottom) &amp; 2 original Moller chairs that were subsequently purchased by people (see marked bottom) Still in very good condition considering their age. vintage condition. Beautiful for the dining room table in the living room. Or should you furnish that awesome bar\/restaurant with style? Then these special Danish dining room chairs will enrich your interior. Chairs&#8230;chairs&#8230;chairs!<\/p>\n<p>There is also a matching dining room table available (photos on request)<\/p>\n<p>&nbsp;<\/p>\n","protected":false},"excerpt":{"rendered":"<p>Six beautiful original Danish vintage design teak dining room chairs [&hellip;]<\/p>\n","protected":false},"featured_media":142780,"template":"","meta":{"_acf_changed":false,"inline_featured_image":false,"_monsterinsights_skip_tracking":false,"_monsterinsights_sitenote_active":false,"_monsterinsights_sitenote_note":"","_monsterinsights_sitenote_category":0},"product_brand":[],"product_cat":[4871],"product_tag":[],"class_list":{"0":"post-142835","1":"product","2":"type-product","3":"status-publish","4":"has-post-thumbnail","6":"product_cat-sold","8":"first","9":"outofstock","10":"shipping-taxable","11":"product-type-simple"},"acf":[],"_links":{"self":[{"href":"https:\/\/bestwelhip.nl\/en\/wp-json\/wp\/v2\/product\/142835","targetHints":{"allow":["GET"]}}],"collection":[{"href":"https:\/\/bestwelhip.nl\/en\/wp-json\/wp\/v2\/product"}],"about":[{"href":"https:\/\/bestwelhip.nl\/en\/wp-json\/wp\/v2\/types\/product"}],"wp:featuredmedia":[{"embeddable":true,"href":"https:\/\/bestwelhip.nl\/en\/wp-json\/wp\/v2\/media\/142780"}],"wp:attachment":[{"href":"https:\/\/bestwelhip.nl\/en\/wp-json\/wp\/v2\/media?parent=142835"}],"wp:term":[{"taxonomy":"product_brand","embeddable":true,"href":"https:\/\/bestwelhip.nl\/en\/wp-json\/wp\/v2\/product_brand?post=142835"},{"taxonomy":"product_cat","embeddable":true,"href":"https:\/\/bestwelhip.nl\/en\/wp-json\/wp\/v2\/product_cat?post=142835"},{"taxonomy":"product_tag","embeddable":true,"href":"https:\/\/bestwelhip.nl\/en\/wp-json\/wp\/v2\/product_tag?post=142835"}],"curies":[{"name":"wp","href":"https:\/\/api.w.org\/{rel}","templated":true}]}}