{"id":142051,"date":"2023-08-06T14:09:22","date_gmt":"2023-08-06T12:09:22","guid":{"rendered":"https:\/\/bestwelhip.nl\/product\/vintage-danish-brass-pendant-lamp-hanglamp-sven-age-holm-sorensen\/"},"modified":"2023-08-07T12:03:39","modified_gmt":"2023-08-07T10:03:39","slug":"vintage-danish-brass-pendant-lamp-hanglamp-sven-age-holm-sorensen","status":"publish","type":"product","link":"https:\/\/bestwelhip.nl\/en\/product\/vintage-danish-brass-pendant-lamp-hanglamp-sven-age-holm-sorensen\/","title":{"rendered":"Vintage Danish brass pendant lamp Sven Age Holm S\u00f8rensen"},"content":{"rendered":"<p>This stylish Danish brass hanging lamp is a design by Sven Aage Holm S\u00f8rensen. Produced by Holm-S\u00f8rensen. Country of origin: Denmark. Period: 1960s. This brutalist gold colored hanging lamp gives a beautiful warm light. Considering its age still in good vintage condition. Will this beautiful lamp soon get a nice spot in your house?<\/p>\n","protected":false},"excerpt":{"rendered":"<p>This stylish Danish brass hanging lamp is a design by [&hellip;]<\/p>\n","protected":false},"featured_media":139209,"template":"","meta":{"_acf_changed":false,"inline_featured_image":false,"_monsterinsights_skip_tracking":false,"_monsterinsights_sitenote_active":false,"_monsterinsights_sitenote_note":"","_monsterinsights_sitenote_category":0},"product_brand":[],"product_cat":[4872,4873],"product_tag":[],"class_list":{"0":"post-142051","1":"product","2":"type-product","3":"status-publish","4":"has-post-thumbnail","6":"product_cat-lighting","7":"product_cat-pendants","9":"first","10":"instock","11":"shipping-taxable","12":"purchasable","13":"product-type-simple"},"acf":[],"_links":{"self":[{"href":"https:\/\/bestwelhip.nl\/en\/wp-json\/wp\/v2\/product\/142051","targetHints":{"allow":["GET"]}}],"collection":[{"href":"https:\/\/bestwelhip.nl\/en\/wp-json\/wp\/v2\/product"}],"about":[{"href":"https:\/\/bestwelhip.nl\/en\/wp-json\/wp\/v2\/types\/product"}],"wp:featuredmedia":[{"embeddable":true,"href":"https:\/\/bestwelhip.nl\/en\/wp-json\/wp\/v2\/media\/139209"}],"wp:attachment":[{"href":"https:\/\/bestwelhip.nl\/en\/wp-json\/wp\/v2\/media?parent=142051"}],"wp:term":[{"taxonomy":"product_brand","embeddable":true,"href":"https:\/\/bestwelhip.nl\/en\/wp-json\/wp\/v2\/product_brand?post=142051"},{"taxonomy":"product_cat","embeddable":true,"href":"https:\/\/bestwelhip.nl\/en\/wp-json\/wp\/v2\/product_cat?post=142051"},{"taxonomy":"product_tag","embeddable":true,"href":"https:\/\/bestwelhip.nl\/en\/wp-json\/wp\/v2\/product_tag?post=142051"}],"curies":[{"name":"wp","href":"https:\/\/api.w.org\/{rel}","templated":true}]}}