{"id":138937,"date":"2021-04-30T22:08:21","date_gmt":"2021-04-30T20:08:21","guid":{"rendered":"https:\/\/bestwelhip.nl\/product\/midcentury-design-dining-chairs-eetkamerstoelen-niels-moller-mobelfabrik\/"},"modified":"2023-04-03T13:56:27","modified_gmt":"2023-04-03T11:56:27","slug":"midcentury-design-dining-chairs-eetkamerstoelen-niels-moller-mobelfabrik","status":"publish","type":"product","link":"https:\/\/bestwelhip.nl\/en\/product\/midcentury-design-dining-chairs-eetkamerstoelen-niels-moller-mobelfabrik\/","title":{"rendered":"Midcentury design dining chairs Niels Moller M\u00f8belfabrik"},"content":{"rendered":"<p>Beautiful original Danish vintage design dining room chairs. A design by Niels O. M\u00f8ller for J.L. M\u00f8ller M\u00f8belfabrik. Country of origin: Denmark. A special set of dining room chairs, beautiful because of its organically designed backrest. The curvature of the solid backrest offers good seating comfort. This set is completely refilled &amp; upholstered in black skai leather. The dark skai leather in combination with the teak wood gives a tough and elegant look. Absolutely beautiful craftsmanship. Considering its age still in very good vintage condition. Wonderful for the dining room table in the living room. A real must have for the Danish design enthusiast. We love Scandinavian design!<\/p>\n<p>Model: 75<\/p>\n<p class=\"p1\">Price: complete set<\/p>\n","protected":false},"excerpt":{"rendered":"<p>Beautiful original Danish vintage design dining room chairs. A design [&hellip;]<\/p>\n","protected":false},"featured_media":108478,"template":"","meta":{"_acf_changed":false,"inline_featured_image":false,"_monsterinsights_skip_tracking":false,"_monsterinsights_sitenote_active":false,"_monsterinsights_sitenote_note":"","_monsterinsights_sitenote_category":0},"product_brand":[],"product_cat":[4857,4867],"product_tag":[],"class_list":{"0":"post-138937","1":"product","2":"type-product","3":"status-publish","4":"has-post-thumbnail","6":"product_cat-furniture","7":"product_cat-dining-chairs","9":"first","10":"instock","11":"shipping-taxable","12":"purchasable","13":"product-type-simple"},"acf":[],"_links":{"self":[{"href":"https:\/\/bestwelhip.nl\/en\/wp-json\/wp\/v2\/product\/138937","targetHints":{"allow":["GET"]}}],"collection":[{"href":"https:\/\/bestwelhip.nl\/en\/wp-json\/wp\/v2\/product"}],"about":[{"href":"https:\/\/bestwelhip.nl\/en\/wp-json\/wp\/v2\/types\/product"}],"wp:featuredmedia":[{"embeddable":true,"href":"https:\/\/bestwelhip.nl\/en\/wp-json\/wp\/v2\/media\/108478"}],"wp:attachment":[{"href":"https:\/\/bestwelhip.nl\/en\/wp-json\/wp\/v2\/media?parent=138937"}],"wp:term":[{"taxonomy":"product_brand","embeddable":true,"href":"https:\/\/bestwelhip.nl\/en\/wp-json\/wp\/v2\/product_brand?post=138937"},{"taxonomy":"product_cat","embeddable":true,"href":"https:\/\/bestwelhip.nl\/en\/wp-json\/wp\/v2\/product_cat?post=138937"},{"taxonomy":"product_tag","embeddable":true,"href":"https:\/\/bestwelhip.nl\/en\/wp-json\/wp\/v2\/product_tag?post=138937"}],"curies":[{"name":"wp","href":"https:\/\/api.w.org\/{rel}","templated":true}]}}