{"id":138868,"date":"2022-04-04T22:20:05","date_gmt":"2022-04-04T20:20:05","guid":{"rendered":"https:\/\/bestwelhip.nl\/product\/midcentury-danish-design-j-l-moller-armchairs-eetkamerstoelen-teak-model-56\/"},"modified":"2023-04-03T09:30:38","modified_gmt":"2023-04-03T07:30:38","slug":"midcentury-danish-design-j-l-moller-armchairs-eetkamerstoelen-teak-model-56","status":"publish","type":"product","link":"https:\/\/bestwelhip.nl\/en\/product\/midcentury-danish-design-j-l-moller-armchairs-eetkamerstoelen-teak-model-56\/","title":{"rendered":"Midcentury Danish design J. L Moller armchairs teak model 56"},"content":{"rendered":"<p>Rare original Danish vintage design dining room chairs by Niels O. M\u00f8ller for J.L. M\u00f8ller M\u00f8belfabrik. Period: 1960s. Model number 56. Particularly organically designed armrests. The beautiful finish and the curvature of the solid backrest offer great seating comfort. Material: teak frame &amp; papercord seat. These two pieces have been re-matted in an authentic professional way. Considering its age they are in a very good condition. Wonderful for the dining room table in your living room. These special Danish dining room chairs are an enrichment in the interior. We love Scandinavian design!<\/p>\n<p>Preferably sold as a set.<\/p>\n","protected":false},"excerpt":{"rendered":"<p>Rare original Danish vintage design dining room chairs by Niels [&hellip;]<\/p>\n","protected":false},"featured_media":131012,"template":"","meta":{"_acf_changed":false,"inline_featured_image":false,"_monsterinsights_skip_tracking":false,"_monsterinsights_sitenote_active":false,"_monsterinsights_sitenote_note":"","_monsterinsights_sitenote_category":0},"product_brand":[],"product_cat":[4871],"product_tag":[],"class_list":{"0":"post-138868","1":"product","2":"type-product","3":"status-publish","4":"has-post-thumbnail","6":"product_cat-sold","8":"first","9":"outofstock","10":"shipping-taxable","11":"product-type-simple"},"acf":[],"_links":{"self":[{"href":"https:\/\/bestwelhip.nl\/en\/wp-json\/wp\/v2\/product\/138868","targetHints":{"allow":["GET"]}}],"collection":[{"href":"https:\/\/bestwelhip.nl\/en\/wp-json\/wp\/v2\/product"}],"about":[{"href":"https:\/\/bestwelhip.nl\/en\/wp-json\/wp\/v2\/types\/product"}],"wp:featuredmedia":[{"embeddable":true,"href":"https:\/\/bestwelhip.nl\/en\/wp-json\/wp\/v2\/media\/131012"}],"wp:attachment":[{"href":"https:\/\/bestwelhip.nl\/en\/wp-json\/wp\/v2\/media?parent=138868"}],"wp:term":[{"taxonomy":"product_brand","embeddable":true,"href":"https:\/\/bestwelhip.nl\/en\/wp-json\/wp\/v2\/product_brand?post=138868"},{"taxonomy":"product_cat","embeddable":true,"href":"https:\/\/bestwelhip.nl\/en\/wp-json\/wp\/v2\/product_cat?post=138868"},{"taxonomy":"product_tag","embeddable":true,"href":"https:\/\/bestwelhip.nl\/en\/wp-json\/wp\/v2\/product_tag?post=138868"}],"curies":[{"name":"wp","href":"https:\/\/api.w.org\/{rel}","templated":true}]}}