{"id":138755,"date":"2022-09-05T12:40:02","date_gmt":"2022-09-05T10:40:02","guid":{"rendered":"https:\/\/bestwelhip.nl\/product\/danish-design-teak-dining-chairs-eetkamerstoelen-niels-o-moller-model-83\/"},"modified":"2023-03-29T12:25:42","modified_gmt":"2023-03-29T10:25:42","slug":"danish-design-teak-dining-chairs-eetkamerstoelen-niels-o-moller-model-83","status":"publish","type":"product","link":"https:\/\/bestwelhip.nl\/en\/product\/danish-design-teak-dining-chairs-eetkamerstoelen-niels-o-moller-model-83\/","title":{"rendered":"Danish design teak dining chairs Niels O. M\u00f8ller Model 83"},"content":{"rendered":"<p>Beautiful original Danish vintage design dining room chairs by Niels O. M\u00f8ller for J.L. M\u00f8ller M\u00f8belfabrik. Period: 1960s. Model number 83. Special organically designed backrest. The beautiful finish and curved backrest with bars offers great seating comfort. Material: teak frame &amp; beautiful paper cord seat. Considering its age they are still in a good vintage condition. Beautiful for in the living room at a long dining room table. Or do you have to furnish that great bar \/ restaurant with style? Then these beautiful Danish dining room chairs are an enrichment in your interior. Chairs.. chairs\u2026chairs!<\/p>\n<p class=\"p1\">\n","protected":false},"excerpt":{"rendered":"<p>Beautiful original Danish vintage design dining room chairs by Niels [&hellip;]<\/p>\n","protected":false},"featured_media":132871,"template":"","meta":{"_acf_changed":false,"inline_featured_image":false,"_monsterinsights_skip_tracking":false,"_monsterinsights_sitenote_active":false,"_monsterinsights_sitenote_note":"","_monsterinsights_sitenote_category":0},"product_brand":[],"product_cat":[4871],"product_tag":[],"class_list":{"0":"post-138755","1":"product","2":"type-product","3":"status-publish","4":"has-post-thumbnail","6":"product_cat-sold","8":"first","9":"outofstock","10":"shipping-taxable","11":"product-type-simple"},"acf":[],"_links":{"self":[{"href":"https:\/\/bestwelhip.nl\/en\/wp-json\/wp\/v2\/product\/138755","targetHints":{"allow":["GET"]}}],"collection":[{"href":"https:\/\/bestwelhip.nl\/en\/wp-json\/wp\/v2\/product"}],"about":[{"href":"https:\/\/bestwelhip.nl\/en\/wp-json\/wp\/v2\/types\/product"}],"wp:featuredmedia":[{"embeddable":true,"href":"https:\/\/bestwelhip.nl\/en\/wp-json\/wp\/v2\/media\/132871"}],"wp:attachment":[{"href":"https:\/\/bestwelhip.nl\/en\/wp-json\/wp\/v2\/media?parent=138755"}],"wp:term":[{"taxonomy":"product_brand","embeddable":true,"href":"https:\/\/bestwelhip.nl\/en\/wp-json\/wp\/v2\/product_brand?post=138755"},{"taxonomy":"product_cat","embeddable":true,"href":"https:\/\/bestwelhip.nl\/en\/wp-json\/wp\/v2\/product_cat?post=138755"},{"taxonomy":"product_tag","embeddable":true,"href":"https:\/\/bestwelhip.nl\/en\/wp-json\/wp\/v2\/product_tag?post=138755"}],"curies":[{"name":"wp","href":"https:\/\/api.w.org\/{rel}","templated":true}]}}