{"id":137058,"date":"2023-02-23T18:08:25","date_gmt":"2023-02-23T16:08:25","guid":{"rendered":"https:\/\/bestwelhip.nl\/product\/vintage-swivel-armchairs-lounge-fauteuils-dahlens-dalum-fatoljindustri\/"},"modified":"2023-03-08T16:36:06","modified_gmt":"2023-03-08T14:36:06","slug":"vintage-swivel-armchairs-lounge-fauteuils-dahlens-dalum-fatoljindustri","status":"publish","type":"product","link":"https:\/\/bestwelhip.nl\/en\/product\/vintage-swivel-armchairs-lounge-fauteuils-dahlens-dalum-fatoljindustri\/","title":{"rendered":"Vintage design swivel armchairs Dahl\u00e9ns Dalum F\u00e5t\u00f6ljindustri"},"content":{"rendered":"<p>Beautiful in it&#8217;s simplicity. These rare Swedish vintage design swivel armchairs are a design by Dahl\u00e9ns Dalum. Period: 1960s. Produced by: F\u00e5t\u00f6ljindustri. The chairs are marked. A beautiful detail is the stylish chrome base. Provided with good seating comfort. Definitely a timeless and elegant design. These lounge armchairs have been completely reupholstered in a beautiful melange fabric. Considering its age in a very good vintage condition. Nice to add to the living room. Definitely a timeless lounge set to fall in love with.<\/p>\n<p>&nbsp;<\/p>\n","protected":false},"excerpt":{"rendered":"<p>Beautiful in it&#8217;s simplicity. These rare Swedish vintage design swivel [&hellip;]<\/p>\n","protected":false},"featured_media":134964,"template":"","meta":{"_acf_changed":false,"inline_featured_image":false,"_monsterinsights_skip_tracking":false,"_monsterinsights_sitenote_active":false,"_monsterinsights_sitenote_note":"","_monsterinsights_sitenote_category":0},"product_brand":[],"product_cat":[4871],"product_tag":[],"class_list":{"0":"post-137058","1":"product","2":"type-product","3":"status-publish","4":"has-post-thumbnail","6":"product_cat-sold","8":"first","9":"outofstock","10":"shipping-taxable","11":"product-type-simple"},"acf":[],"_links":{"self":[{"href":"https:\/\/bestwelhip.nl\/en\/wp-json\/wp\/v2\/product\/137058","targetHints":{"allow":["GET"]}}],"collection":[{"href":"https:\/\/bestwelhip.nl\/en\/wp-json\/wp\/v2\/product"}],"about":[{"href":"https:\/\/bestwelhip.nl\/en\/wp-json\/wp\/v2\/types\/product"}],"wp:featuredmedia":[{"embeddable":true,"href":"https:\/\/bestwelhip.nl\/en\/wp-json\/wp\/v2\/media\/134964"}],"wp:attachment":[{"href":"https:\/\/bestwelhip.nl\/en\/wp-json\/wp\/v2\/media?parent=137058"}],"wp:term":[{"taxonomy":"product_brand","embeddable":true,"href":"https:\/\/bestwelhip.nl\/en\/wp-json\/wp\/v2\/product_brand?post=137058"},{"taxonomy":"product_cat","embeddable":true,"href":"https:\/\/bestwelhip.nl\/en\/wp-json\/wp\/v2\/product_cat?post=137058"},{"taxonomy":"product_tag","embeddable":true,"href":"https:\/\/bestwelhip.nl\/en\/wp-json\/wp\/v2\/product_tag?post=137058"}],"curies":[{"name":"wp","href":"https:\/\/api.w.org\/{rel}","templated":true}]}}